{"id":225,"date":"2014-08-25T19:43:59","date_gmt":"2014-08-25T17:43:59","guid":{"rendered":"http:\/\/www.kindernaescht.ch\/?page_id=225"},"modified":"2025-01-24T16:20:27","modified_gmt":"2025-01-24T14:20:27","slug":"kindergeburtstag","status":"publish","type":"page","link":"https:\/\/kindernaescht.ch\/?page_id=225","title":{"rendered":"KINDERGEBURTSTAG"},"content":{"rendered":"<h3>IM BASLER KINDERN\u00c4SCHT<\/h3>\n<\/p>\n<p><span style=\"color: #000000; font-size: 1.4em; line-height: 1.5em;\"><a href=\"http:\/\/www.kindernaescht.ch\/wp-content\/uploads\/2014\/08\/Bilder_Content_Kindergeburtstag.jpg\"><img loading=\"lazy\" decoding=\"async\" class=\"alignnone size-full wp-image-842\" src=\"http:\/\/www.kindernaescht.ch\/wp-content\/uploads\/2014\/08\/Bilder_Content_Kindergeburtstag.jpg\" alt=\"Bilder_Content_Kindergeburtstag\" width=\"800\" height=\"350\" srcset=\"https:\/\/kindernaescht.ch\/wp-content\/uploads\/2014\/08\/Bilder_Content_Kindergeburtstag.jpg 800w, https:\/\/kindernaescht.ch\/wp-content\/uploads\/2014\/08\/Bilder_Content_Kindergeburtstag-300x131.jpg 300w, https:\/\/kindernaescht.ch\/wp-content\/uploads\/2014\/08\/Bilder_Content_Kindergeburtstag-250x109.jpg 250w, https:\/\/kindernaescht.ch\/wp-content\/uploads\/2014\/08\/Bilder_Content_Kindergeburtstag-150x65.jpg 150w\" sizes=\"auto, (max-width: 800px) 100vw, 800px\" \/><\/a><\/span><\/p>\n\n\n<p class=\"has-text-align-center\">M\u00f6chten Sie mit Ihrem Kind eine unvergessliche Geburtstagsparty feiern und dies in einer kindergerechten Umgebung? Das Basler Kindern\u00e4scht vermietet Sonntags ihre R\u00e4ume f\u00fcr Kindergeburtstage. Wir \u00fcbernehmen die Vorbereitung und das Aufr\u00e4umen der R\u00e4umlichkeiten. Nat\u00fcrlich d\u00fcrfen sie uns \u00fcber W\u00fcnsche oder Mottos informieren oder bei den Vorbereitungen dabei sein.<\/p>\n\n\n\n<hr class=\"wp-block-separator has-css-opacity is-style-dots\"\/>\n\n\n\n<p class=\"has-text-align-center\">F\u00fcr den das Geburtstagsfest rechnen wir mit:<\/p>\n\n\n\n<ul class=\"wp-block-list\">\n<li>2 Betreuungsperson, wenn die Eltern des Geburtstagskindes nicht anwesend sind und\/oder mehr als 11 Kinder anwesend sind.<\/li>\n\n\n\n<li>1 Betreuungsperson auf 10 Kinder, wenn die Eltern des Geburtstagskindes anwesend sind.<\/li>\n<\/ul>\n\n\n\n<p class=\"has-text-align-center\">(Wir k\u00f6nnen nur die Eltern des Geburtstagskindes bei uns Willkommen heissen)<\/p>\n\n\n\n<hr class=\"wp-block-separator has-css-opacity is-style-dots\"\/>\n\n\n\n<p class=\"has-text-align-center\">Das Kindern\u00e4scht bietet Platz f\u00fcr max. 20 Kinder.<\/p>\n\n\n\n<hr class=\"wp-block-separator has-css-opacity is-style-dots\"\/>\n\n\n\n<p class=\"has-text-align-center\">Getr\u00e4nke wie Sirup und Mineralwasser steht gratis zur Verf\u00fcgung. Andere Getr\u00e4nke und Esswaren, wie Kuchen, Chips etc. sind Sache der Eltern.<\/p>\n\n\n\n<hr class=\"wp-block-separator has-css-opacity is-style-dots\"\/>\n\n\n\n<p class=\"has-text-align-center\">Miete Basler Kindern\u00e4scht: CHF 300.-<\/p>\n\n\n\n<p class=\"has-text-align-center\">Betreuungspersonal pro Person und Stunde: CHF 40.-<\/p>\n\n\n\n<p class=\"has-text-align-center\">Es wird immer eine Stunde f\u00fcr die Vorbereitung, Dekoration und das Aufr\u00e4umen zus\u00e4tzlich berechnet.<\/p>\n\n\n\n<hr class=\"wp-block-separator has-css-opacity is-style-dots\"\/>\n\n\n\n<p class=\"has-text-align-center\">Aus rechtlichen und versicherungstechnischen Gr\u00fcnden ist eine Betreuungsperson immer vorhanden.<\/p>\n\n\n\n<hr class=\"wp-block-separator has-css-opacity is-style-dots\"\/>\n\n\n\n<p class=\"has-text-align-center\">Bei Interesse oder weiteren Fragen stehen wir Ihnen gerne zur Verf\u00fcgung.<\/p>\n\n\n\n<hr class=\"wp-block-separator has-css-opacity is-style-dots\"\/>\n\n\n\n<p class=\"has-text-align-center\">Das Basler Kindern\u00e4scht freut sich jetzt schon auf ein fr\u00f6hliches und erlebnisreiches Geburtstagsfest!<\/p>\n\n\n\n<hr class=\"wp-block-separator has-css-opacity is-style-dots\"\/>\n","protected":false},"excerpt":{"rendered":"<p>IM BASLER KINDERN\u00c4SCHT M\u00f6chten Sie mit Ihrem Kind eine unvergessliche Geburtstagsparty feiern und dies in einer kindergerechten Umgebung? Das Basler Kindern\u00e4scht vermietet Sonntags ihre R\u00e4ume f\u00fcr Kindergeburtstage. Wir \u00fcbernehmen die Vorbereitung und das Aufr\u00e4umen der R\u00e4umlichkeiten. Nat\u00fcrlich d\u00fcrfen sie uns \u00fcber W\u00fcnsche oder Mottos informieren oder bei den Vorbereitungen dabei\u2026 <a class=\"continue-reading-link\" href=\"https:\/\/kindernaescht.ch\/?page_id=225\">Continue reading<\/a><\/p>\n","protected":false},"author":1,"featured_media":0,"parent":0,"menu_order":0,"comment_status":"closed","ping_status":"closed","template":"","meta":{"footnotes":""},"class_list":["post-225","page","type-page","status-publish","hentry"],"_links":{"self":[{"href":"https:\/\/kindernaescht.ch\/index.php?rest_route=\/wp\/v2\/pages\/225","targetHints":{"allow":["GET"]}}],"collection":[{"href":"https:\/\/kindernaescht.ch\/index.php?rest_route=\/wp\/v2\/pages"}],"about":[{"href":"https:\/\/kindernaescht.ch\/index.php?rest_route=\/wp\/v2\/types\/page"}],"author":[{"embeddable":true,"href":"https:\/\/kindernaescht.ch\/index.php?rest_route=\/wp\/v2\/users\/1"}],"replies":[{"embeddable":true,"href":"https:\/\/kindernaescht.ch\/index.php?rest_route=%2Fwp%2Fv2%2Fcomments&post=225"}],"version-history":[{"count":29,"href":"https:\/\/kindernaescht.ch\/index.php?rest_route=\/wp\/v2\/pages\/225\/revisions"}],"predecessor-version":[{"id":2832,"href":"https:\/\/kindernaescht.ch\/index.php?rest_route=\/wp\/v2\/pages\/225\/revisions\/2832"}],"wp:attachment":[{"href":"https:\/\/kindernaescht.ch\/index.php?rest_route=%2Fwp%2Fv2%2Fmedia&parent=225"}],"curies":[{"name":"wp","href":"https:\/\/api.w.org\/{rel}","templated":true}]}}