{"id":236,"date":"2018-10-23T13:09:12","date_gmt":"2018-10-23T11:09:12","guid":{"rendered":"http:\/\/www.kindernaescht.ch\/?page_id=236"},"modified":"2023-05-26T09:06:33","modified_gmt":"2023-05-26T07:06:33","slug":"bildgalerie","status":"publish","type":"page","link":"https:\/\/kindernaescht.ch\/?page_id=236","title":{"rendered":"FOTOGALERIE"},"content":{"rendered":"\n<div style=\"height:43px\" aria-hidden=\"true\" class=\"wp-block-spacer\"><\/div>\n\n\n\n<p class=\"has-text-align-center has-vivid-red-color has-text-color\" style=\"font-size:29px\">Basler Kindern\u00e4scht <\/p>\n\n\n<div class=\"wp-block-image\">\n<figure class=\"aligncenter is-resized\"><a href=\"https:\/\/kindernaescht.ch\/?page_id=1582\"><img loading=\"lazy\" decoding=\"async\" src=\"http:\/\/kindernaescht.ch\/wp-content\/uploads\/2019\/09\/20190827_180444_resized_1-1-1024x768.jpg\" alt=\"\" class=\"wp-image-1579\" width=\"281\" height=\"211\" srcset=\"https:\/\/kindernaescht.ch\/wp-content\/uploads\/2019\/09\/20190827_180444_resized_1-1-1024x768.jpg 1024w, https:\/\/kindernaescht.ch\/wp-content\/uploads\/2019\/09\/20190827_180444_resized_1-1-300x225.jpg 300w, https:\/\/kindernaescht.ch\/wp-content\/uploads\/2019\/09\/20190827_180444_resized_1-1-768x576.jpg 768w, https:\/\/kindernaescht.ch\/wp-content\/uploads\/2019\/09\/20190827_180444_resized_1-1-200x150.jpg 200w, https:\/\/kindernaescht.ch\/wp-content\/uploads\/2019\/09\/20190827_180444_resized_1-1-150x113.jpg 150w, https:\/\/kindernaescht.ch\/wp-content\/uploads\/2019\/09\/20190827_180444_resized_1-1.jpg 2016w\" sizes=\"auto, (max-width: 281px) 100vw, 281px\" \/><\/a><figcaption class=\"wp-element-caption\">Unsere R\u00e4umlichkeiten<\/figcaption><\/figure>\n<\/div>\n\n<div class=\"wp-block-image\">\n<figure class=\"aligncenter is-resized\"><a href=\"https:\/\/kindernaescht.ch\/?page_id=1684\"><img loading=\"lazy\" decoding=\"async\" src=\"http:\/\/kindernaescht.ch\/wp-content\/uploads\/2020\/02\/IMG_0944-e1581085488792-683x1024.jpg\" alt=\"\" class=\"wp-image-1680\" width=\"210\" height=\"315\" srcset=\"https:\/\/kindernaescht.ch\/wp-content\/uploads\/2020\/02\/IMG_0944-e1581085488792-683x1024.jpg 683w, https:\/\/kindernaescht.ch\/wp-content\/uploads\/2020\/02\/IMG_0944-e1581085488792-200x300.jpg 200w, https:\/\/kindernaescht.ch\/wp-content\/uploads\/2020\/02\/IMG_0944-e1581085488792-768x1152.jpg 768w, https:\/\/kindernaescht.ch\/wp-content\/uploads\/2020\/02\/IMG_0944-e1581085488792-100x150.jpg 100w\" sizes=\"auto, (max-width: 210px) 100vw, 210px\" \/><\/a><figcaption class=\"wp-element-caption\">Tag der offenen T\u00fcr <br>1. Februar 2020<\/figcaption><\/figure>\n<\/div>\n\n<div class=\"wp-block-image\">\n<figure class=\"aligncenter size-large is-resized\"><a href=\"https:\/\/kindernaescht.ch\/?page_id=2689\"><img loading=\"lazy\" decoding=\"async\" src=\"https:\/\/kindernaescht.ch\/wp-content\/uploads\/2023\/05\/IMG-20230519-WA0006-1-1024x768.jpg\" alt=\"\" class=\"wp-image-2711\" width=\"300\" height=\"226\" srcset=\"https:\/\/kindernaescht.ch\/wp-content\/uploads\/2023\/05\/IMG-20230519-WA0006-1-1024x768.jpg 1024w, https:\/\/kindernaescht.ch\/wp-content\/uploads\/2023\/05\/IMG-20230519-WA0006-1-300x225.jpg 300w, https:\/\/kindernaescht.ch\/wp-content\/uploads\/2023\/05\/IMG-20230519-WA0006-1-768x576.jpg 768w, https:\/\/kindernaescht.ch\/wp-content\/uploads\/2023\/05\/IMG-20230519-WA0006-1-1536x1152.jpg 1536w, https:\/\/kindernaescht.ch\/wp-content\/uploads\/2023\/05\/IMG-20230519-WA0006-1-200x150.jpg 200w, https:\/\/kindernaescht.ch\/wp-content\/uploads\/2023\/05\/IMG-20230519-WA0006-1-150x113.jpg 150w, https:\/\/kindernaescht.ch\/wp-content\/uploads\/2023\/05\/IMG-20230519-WA0006-1.jpg 1600w\" sizes=\"auto, (max-width: 300px) 100vw, 300px\" \/><\/a><figcaption class=\"wp-element-caption\">Actifit &amp; Technogym<\/figcaption><\/figure>\n<\/div>\n\n\n<div style=\"height:30px\" aria-hidden=\"true\" class=\"wp-block-spacer\"><\/div>\n\n\n\n<div style=\"height:20px\" aria-hidden=\"true\" class=\"wp-block-spacer\"><\/div>\n\n\n\n<p class=\"has-text-align-center has-vivid-red-color has-text-color\" style=\"font-size:29px\">Herbstplausch 2021<\/p>\n\n\n<div class=\"wp-block-image\">\n<figure class=\"aligncenter is-resized\"><a href=\"https:\/\/kindernaescht.ch\/?page_id=2530\"><img loading=\"lazy\" decoding=\"async\" src=\"https:\/\/kindernaescht.ch\/wp-content\/uploads\/2021\/10\/IMG-20211016-WA0005-1024x768.jpg\" alt=\"\" class=\"wp-image-2524\" width=\"203\" height=\"152\" srcset=\"https:\/\/kindernaescht.ch\/wp-content\/uploads\/2021\/10\/IMG-20211016-WA0005.jpg 1024w, https:\/\/kindernaescht.ch\/wp-content\/uploads\/2021\/10\/IMG-20211016-WA0005-300x225.jpg 300w, https:\/\/kindernaescht.ch\/wp-content\/uploads\/2021\/10\/IMG-20211016-WA0005-768x576.jpg 768w, https:\/\/kindernaescht.ch\/wp-content\/uploads\/2021\/10\/IMG-20211016-WA0005-200x150.jpg 200w, https:\/\/kindernaescht.ch\/wp-content\/uploads\/2021\/10\/IMG-20211016-WA0005-150x113.jpg 150w\" sizes=\"auto, (max-width: 203px) 100vw, 203px\" \/><\/a><figcaption class=\"wp-element-caption\">K\u00fcrbisschnitzen<br>16. Oktober 2021<\/figcaption><\/figure>\n<\/div>\n\n\n<p class=\"has-text-align-center has-vivid-red-color has-text-color\" style=\"font-size:29px\">Fr\u00fchlingsplausch 2021<\/p>\n\n\n<div class=\"wp-block-image\">\n<figure class=\"aligncenter is-resized\"><a href=\"https:\/\/kindernaescht.ch\/?page_id=2432\"><img loading=\"lazy\" decoding=\"async\" src=\"https:\/\/kindernaescht.ch\/wp-content\/uploads\/2021\/04\/DSC_0272-1024x681.jpg\" alt=\"\" class=\"wp-image-2444\" width=\"215\" height=\"142\" srcset=\"https:\/\/kindernaescht.ch\/wp-content\/uploads\/2021\/04\/DSC_0272-1024x681.jpg 1024w, https:\/\/kindernaescht.ch\/wp-content\/uploads\/2021\/04\/DSC_0272-300x199.jpg 300w, https:\/\/kindernaescht.ch\/wp-content\/uploads\/2021\/04\/DSC_0272-768x511.jpg 768w, https:\/\/kindernaescht.ch\/wp-content\/uploads\/2021\/04\/DSC_0272-226x150.jpg 226w, https:\/\/kindernaescht.ch\/wp-content\/uploads\/2021\/04\/DSC_0272-150x100.jpg 150w\" sizes=\"auto, (max-width: 215px) 100vw, 215px\" \/><\/a><figcaption class=\"wp-element-caption\">Ostern\u00e4scht <br>31. M\u00e4rz 2021<\/figcaption><\/figure>\n<\/div>\n\n\n<div style=\"height:20px\" aria-hidden=\"true\" class=\"wp-block-spacer\"><\/div>\n\n\n\n<p class=\"has-text-align-center has-vivid-red-color has-text-color\" style=\"font-size:29px\">Weihnachtsplausch 2020<\/p>\n\n\n<div class=\"wp-block-image\">\n<figure class=\"aligncenter is-resized\"><a href=\"https:\/\/kindernaescht.ch\/?page_id=2388\"><img loading=\"lazy\" decoding=\"async\" src=\"https:\/\/kindernaescht.ch\/wp-content\/uploads\/2020\/11\/IMG-5052-1-1024x768.jpg\" alt=\"\" class=\"wp-image-2404\" width=\"196\" height=\"147\" srcset=\"https:\/\/kindernaescht.ch\/wp-content\/uploads\/2020\/11\/IMG-5052-1-1024x768.jpg 1024w, https:\/\/kindernaescht.ch\/wp-content\/uploads\/2020\/11\/IMG-5052-1-300x225.jpg 300w, https:\/\/kindernaescht.ch\/wp-content\/uploads\/2020\/11\/IMG-5052-1-768x576.jpg 768w, https:\/\/kindernaescht.ch\/wp-content\/uploads\/2020\/11\/IMG-5052-1-200x150.jpg 200w, https:\/\/kindernaescht.ch\/wp-content\/uploads\/2020\/11\/IMG-5052-1-150x113.jpg 150w\" sizes=\"auto, (max-width: 196px) 100vw, 196px\" \/><\/a><figcaption class=\"wp-element-caption\">Adventsgesteck<br>28. November 2020<\/figcaption><\/figure>\n<\/div>\n\n\n<div style=\"height:20px\" aria-hidden=\"true\" class=\"wp-block-spacer\"><\/div>\n\n\n\n<p class=\"has-text-align-center has-vivid-red-color has-text-color\" style=\"font-size:29px\">Herbstplausch 2020<\/p>\n\n\n<div class=\"wp-block-image\">\n<figure class=\"aligncenter is-resized\"><a href=\"https:\/\/kindernaescht.ch\/?page_id=1848\"><img loading=\"lazy\" decoding=\"async\" src=\"https:\/\/kindernaescht.ch\/wp-content\/uploads\/2020\/10\/IMG-20201007-WA0007-150x150.jpg\" alt=\"\" class=\"wp-image-1851\" width=\"180\" height=\"180\"\/><\/a><figcaption class=\"wp-element-caption\">K\u00fcrbischnitzen <br>7. Oktober 2020<\/figcaption><\/figure>\n<\/div>\n\n\n<div style=\"height:20px\" aria-hidden=\"true\" class=\"wp-block-spacer\"><\/div>\n\n\n\n<p class=\"has-text-align-center has-vivid-red-color has-text-color\" style=\"font-size:29px\">Sommerplausch 2020<\/p>\n\n\n<div class=\"wp-block-image\">\n<figure class=\"aligncenter is-resized\"><a href=\"https:\/\/kindernaescht.ch\/?page_id=1797\"><img loading=\"lazy\" decoding=\"async\" src=\"http:\/\/kindernaescht.ch\/wp-content\/uploads\/2020\/08\/IMG-20200807-WA0008.jpg\" alt=\"\" class=\"wp-image-1790\" width=\"180\" height=\"136\" srcset=\"https:\/\/kindernaescht.ch\/wp-content\/uploads\/2020\/08\/IMG-20200807-WA0008.jpg 623w, https:\/\/kindernaescht.ch\/wp-content\/uploads\/2020\/08\/IMG-20200807-WA0008-300x228.jpg 300w, https:\/\/kindernaescht.ch\/wp-content\/uploads\/2020\/08\/IMG-20200807-WA0008-198x150.jpg 198w, https:\/\/kindernaescht.ch\/wp-content\/uploads\/2020\/08\/IMG-20200807-WA0008-150x114.jpg 150w\" sizes=\"auto, (max-width: 180px) 100vw, 180px\" \/><\/a><figcaption class=\"wp-element-caption\">Kids Olympiade 2020<br>5. August 2020<\/figcaption><\/figure>\n<\/div>\n\n<div class=\"wp-block-image\">\n<figure class=\"aligncenter is-resized\"><a href=\"https:\/\/kindernaescht.ch\/?page_id=1795\"><img loading=\"lazy\" decoding=\"async\" src=\"http:\/\/kindernaescht.ch\/wp-content\/uploads\/2020\/08\/IMG-20200806-WA0026-1024x768.jpg\" alt=\"\" class=\"wp-image-1789\" width=\"180\" height=\"135\" srcset=\"https:\/\/kindernaescht.ch\/wp-content\/uploads\/2020\/08\/IMG-20200806-WA0026-1024x768.jpg 1024w, https:\/\/kindernaescht.ch\/wp-content\/uploads\/2020\/08\/IMG-20200806-WA0026-300x225.jpg 300w, https:\/\/kindernaescht.ch\/wp-content\/uploads\/2020\/08\/IMG-20200806-WA0026-768x576.jpg 768w, https:\/\/kindernaescht.ch\/wp-content\/uploads\/2020\/08\/IMG-20200806-WA0026-200x150.jpg 200w, https:\/\/kindernaescht.ch\/wp-content\/uploads\/2020\/08\/IMG-20200806-WA0026-150x113.jpg 150w, https:\/\/kindernaescht.ch\/wp-content\/uploads\/2020\/08\/IMG-20200806-WA0026.jpg 2048w\" sizes=\"auto, (max-width: 180px) 100vw, 180px\" \/><\/a><figcaption class=\"wp-element-caption\">Schneidern, Malen, Kleben<br>22. Juli 2020<\/figcaption><\/figure>\n<\/div>\n\n<div class=\"wp-block-image\">\n<figure class=\"aligncenter is-resized\"><a href=\"https:\/\/kindernaescht.ch\/?page_id=1792\"><img loading=\"lazy\" decoding=\"async\" src=\"http:\/\/kindernaescht.ch\/wp-content\/uploads\/2020\/08\/IMG-20200806-WA0012.jpg\" alt=\"\" class=\"wp-image-1788\" width=\"180\" height=\"136\" srcset=\"https:\/\/kindernaescht.ch\/wp-content\/uploads\/2020\/08\/IMG-20200806-WA0012.jpg 626w, https:\/\/kindernaescht.ch\/wp-content\/uploads\/2020\/08\/IMG-20200806-WA0012-300x226.jpg 300w, https:\/\/kindernaescht.ch\/wp-content\/uploads\/2020\/08\/IMG-20200806-WA0012-199x150.jpg 199w, https:\/\/kindernaescht.ch\/wp-content\/uploads\/2020\/08\/IMG-20200806-WA0012-150x113.jpg 150w\" sizes=\"auto, (max-width: 180px) 100vw, 180px\" \/><\/a><figcaption class=\"wp-element-caption\">Abenteuertag im Wald<br>8. Juli 2020<\/figcaption><\/figure>\n<\/div>\n\n\n<div style=\"height:20px\" aria-hidden=\"true\" class=\"wp-block-spacer\"><\/div>\n\n\n\n<p class=\"has-text-align-center has-vivid-red-color has-text-color\" style=\"font-size:29px\">Sommerplausch 2019 <\/p>\n\n\n<div class=\"wp-block-image\">\n<figure class=\"aligncenter is-resized\"><a href=\"https:\/\/kindernaescht.ch\/?page_id=1465\"><img loading=\"lazy\" decoding=\"async\" src=\"http:\/\/kindernaescht.ch\/wp-content\/uploads\/2019\/08\/foto-1-1-e1565437647545-683x1024.jpg\" alt=\"\" class=\"wp-image-1186\" width=\"130\" height=\"194\" srcset=\"https:\/\/kindernaescht.ch\/wp-content\/uploads\/2019\/08\/foto-1-1-e1565437647545-683x1024.jpg 683w, https:\/\/kindernaescht.ch\/wp-content\/uploads\/2019\/08\/foto-1-1-e1565437647545-200x300.jpg 200w, https:\/\/kindernaescht.ch\/wp-content\/uploads\/2019\/08\/foto-1-1-e1565437647545-768x1152.jpg 768w, https:\/\/kindernaescht.ch\/wp-content\/uploads\/2019\/08\/foto-1-1-e1565437647545-100x150.jpg 100w\" sizes=\"auto, (max-width: 130px) 100vw, 130px\" \/><\/a><figcaption class=\"wp-element-caption\">Piratentag <br>7. August 2019<\/figcaption><\/figure>\n<\/div>\n\n<div class=\"wp-block-image\">\n<figure class=\"aligncenter is-resized\"><a href=\"https:\/\/kindernaescht.ch\/?page_id=1433\"><img loading=\"lazy\" decoding=\"async\" src=\"http:\/\/kindernaescht.ch\/wp-content\/uploads\/2019\/08\/20190724_122138-1024x768.jpg\" alt=\"\" class=\"wp-image-1184\" width=\"180\" height=\"135\" srcset=\"https:\/\/kindernaescht.ch\/wp-content\/uploads\/2019\/08\/20190724_122138-1024x768.jpg 1024w, https:\/\/kindernaescht.ch\/wp-content\/uploads\/2019\/08\/20190724_122138-300x225.jpg 300w, https:\/\/kindernaescht.ch\/wp-content\/uploads\/2019\/08\/20190724_122138-768x576.jpg 768w, https:\/\/kindernaescht.ch\/wp-content\/uploads\/2019\/08\/20190724_122138-200x150.jpg 200w, https:\/\/kindernaescht.ch\/wp-content\/uploads\/2019\/08\/20190724_122138-150x113.jpg 150w\" sizes=\"auto, (max-width: 180px) 100vw, 180px\" \/><\/a><figcaption class=\"wp-element-caption\">Allschwiler Wald <br>24. Juli 2019<\/figcaption><\/figure>\n<\/div>\n\n<div class=\"wp-block-image\">\n<figure class=\"aligncenter is-resized\"><a href=\"https:\/\/kindernaescht.ch\/?page_id=1367\"><img loading=\"lazy\" decoding=\"async\" src=\"http:\/\/kindernaescht.ch\/wp-content\/uploads\/2019\/08\/20190710_151340-1-e1565437302787-768x1024.jpg\" alt=\"\" class=\"wp-image-1183\" width=\"134\" height=\"180\" srcset=\"https:\/\/kindernaescht.ch\/wp-content\/uploads\/2019\/08\/20190710_151340-1-e1565437302787-768x1024.jpg 768w, https:\/\/kindernaescht.ch\/wp-content\/uploads\/2019\/08\/20190710_151340-1-e1565437302787-225x300.jpg 225w\" sizes=\"auto, (max-width: 134px) 100vw, 134px\" \/><\/a><figcaption class=\"wp-element-caption\">Horburgpark <br>10. Juli 2019<\/figcaption><\/figure>\n<\/div>\n\n\n<div style=\"height:20px\" aria-hidden=\"true\" class=\"wp-block-spacer\"><\/div>\n\n\n\n<p class=\"has-text-align-center has-vivid-red-color has-text-color\" style=\"font-size:29px\">Fr\u00fchlingsplausch 2019<\/p>\n\n\n<div class=\"wp-block-image\">\n<figure class=\"aligncenter is-resized\"><a href=\"https:\/\/kindernaescht.ch\/?page_id=1313\"><img loading=\"lazy\" decoding=\"async\" src=\"http:\/\/kindernaescht.ch\/wp-content\/uploads\/2019\/08\/IMG-20190809-WA0024-1024x768.jpg\" alt=\"\" class=\"wp-image-1181\" width=\"180\" height=\"135\" srcset=\"https:\/\/kindernaescht.ch\/wp-content\/uploads\/2019\/08\/IMG-20190809-WA0024.jpg 1024w, https:\/\/kindernaescht.ch\/wp-content\/uploads\/2019\/08\/IMG-20190809-WA0024-300x225.jpg 300w, https:\/\/kindernaescht.ch\/wp-content\/uploads\/2019\/08\/IMG-20190809-WA0024-768x576.jpg 768w, https:\/\/kindernaescht.ch\/wp-content\/uploads\/2019\/08\/IMG-20190809-WA0024-200x150.jpg 200w, https:\/\/kindernaescht.ch\/wp-content\/uploads\/2019\/08\/IMG-20190809-WA0024-150x113.jpg 150w\" sizes=\"auto, (max-width: 180px) 100vw, 180px\" \/><\/a><figcaption class=\"wp-element-caption\">Viel Wirbel um ein Ei<br>17. April 2019<\/figcaption><\/figure>\n<\/div>\n\n\n<div style=\"height:20px\" aria-hidden=\"true\" class=\"wp-block-spacer\"><\/div>\n\n\n\n<p class=\"has-text-align-center has-vivid-red-color has-text-color\" style=\"font-size:29px\">Herbstplausch 2018 <\/p>\n\n\n<div class=\"wp-block-image\">\n<figure class=\"aligncenter is-resized\"><a href=\"https:\/\/kindernaescht.ch\/?page_id=1331\"><img loading=\"lazy\" decoding=\"async\" src=\"http:\/\/kindernaescht.ch\/wp-content\/uploads\/2019\/08\/IMG_5189-1024x683.jpg\" alt=\"\" class=\"wp-image-1179\" width=\"189\" height=\"126\" srcset=\"https:\/\/kindernaescht.ch\/wp-content\/uploads\/2019\/08\/IMG_5189-1024x683.jpg 1024w, https:\/\/kindernaescht.ch\/wp-content\/uploads\/2019\/08\/IMG_5189-300x200.jpg 300w, https:\/\/kindernaescht.ch\/wp-content\/uploads\/2019\/08\/IMG_5189-768x512.jpg 768w, https:\/\/kindernaescht.ch\/wp-content\/uploads\/2019\/08\/IMG_5189-225x150.jpg 225w, https:\/\/kindernaescht.ch\/wp-content\/uploads\/2019\/08\/IMG_5189-150x100.jpg 150w\" sizes=\"auto, (max-width: 189px) 100vw, 189px\" \/><\/a><figcaption class=\"wp-element-caption\">K\u00fcrbisschnitzen<br>10. Oktober 2019<\/figcaption><\/figure>\n<\/div>\n\n\n<div style=\"height:20px\" aria-hidden=\"true\" class=\"wp-block-spacer\"><\/div>\n\n\n\n<p class=\"has-text-align-center has-vivid-red-color has-text-color\" style=\"font-size:29px\">Sommerplausch 2018<\/p>\n\n\n<div class=\"wp-block-image\">\n<figure class=\"aligncenter is-resized\"><a href=\"https:\/\/kindernaescht.ch\/?page_id=1358\"><img loading=\"lazy\" decoding=\"async\" src=\"http:\/\/kindernaescht.ch\/wp-content\/uploads\/2019\/08\/IMG_4614-1024x683.jpg\" alt=\"\" class=\"wp-image-1175\" width=\"189\" height=\"126\" srcset=\"https:\/\/kindernaescht.ch\/wp-content\/uploads\/2019\/08\/IMG_4614-1024x683.jpg 1024w, https:\/\/kindernaescht.ch\/wp-content\/uploads\/2019\/08\/IMG_4614-300x200.jpg 300w, https:\/\/kindernaescht.ch\/wp-content\/uploads\/2019\/08\/IMG_4614-768x512.jpg 768w, https:\/\/kindernaescht.ch\/wp-content\/uploads\/2019\/08\/IMG_4614-225x150.jpg 225w, https:\/\/kindernaescht.ch\/wp-content\/uploads\/2019\/08\/IMG_4614-150x100.jpg 150w\" sizes=\"auto, (max-width: 189px) 100vw, 189px\" \/><\/a><figcaption class=\"wp-element-caption\">Piratentag <br>8. August 2018<\/figcaption><\/figure>\n<\/div>\n\n<div class=\"wp-block-image\">\n<figure class=\"aligncenter is-resized\"><a href=\"https:\/\/kindernaescht.ch\/?page_id=1226\"><img loading=\"lazy\" decoding=\"async\" src=\"http:\/\/kindernaescht.ch\/wp-content\/uploads\/2019\/08\/IMG-20190809-WA0083-768x1024.jpg\" alt=\"\" class=\"wp-image-1170\" width=\"135\" height=\"180\" srcset=\"https:\/\/kindernaescht.ch\/wp-content\/uploads\/2019\/08\/IMG-20190809-WA0083.jpg 768w, https:\/\/kindernaescht.ch\/wp-content\/uploads\/2019\/08\/IMG-20190809-WA0083-225x300.jpg 225w, https:\/\/kindernaescht.ch\/wp-content\/uploads\/2019\/08\/IMG-20190809-WA0083-113x150.jpg 113w\" sizes=\"auto, (max-width: 135px) 100vw, 135px\" \/><\/a><figcaption class=\"wp-element-caption\">Sommerwaldtag <br>25. Juli 2018<\/figcaption><\/figure>\n<\/div>\n\n\n<div style=\"height:20px\" aria-hidden=\"true\" class=\"wp-block-spacer\"><\/div>\n\n\n\n<p class=\"has-text-align-center has-vivid-red-color has-text-color\" style=\"font-size:29px\">Fr\u00fchlingsplausch 2018<\/p>\n\n\n<div class=\"wp-block-image\">\n<figure class=\"aligncenter is-resized\"><a href=\"https:\/\/kindernaescht.ch\/?page_id=1211\"><img loading=\"lazy\" decoding=\"async\" src=\"http:\/\/kindernaescht.ch\/wp-content\/uploads\/2019\/08\/thumbnail_20180404_110247202-5.jpg\" alt=\"\" class=\"wp-image-1161\" width=\"180\" height=\"135\" srcset=\"https:\/\/kindernaescht.ch\/wp-content\/uploads\/2019\/08\/thumbnail_20180404_110247202-5.jpg 640w, https:\/\/kindernaescht.ch\/wp-content\/uploads\/2019\/08\/thumbnail_20180404_110247202-5-300x225.jpg 300w, https:\/\/kindernaescht.ch\/wp-content\/uploads\/2019\/08\/thumbnail_20180404_110247202-5-200x150.jpg 200w, https:\/\/kindernaescht.ch\/wp-content\/uploads\/2019\/08\/thumbnail_20180404_110247202-5-150x113.jpg 150w\" sizes=\"auto, (max-width: 180px) 100vw, 180px\" \/><\/a><figcaption class=\"wp-element-caption\">Abenteuer im Irgendwo<br>4. April 2018<\/figcaption><\/figure>\n<\/div>\n\n<div class=\"wp-block-image\">\n<figure class=\"aligncenter is-resized\"><a href=\"https:\/\/kindernaescht.ch\/?page_id=1188\"><img loading=\"lazy\" decoding=\"async\" src=\"http:\/\/kindernaescht.ch\/wp-content\/uploads\/2019\/08\/thumbnail_20180328_164257202-2.jpg\" alt=\"\" class=\"wp-image-1160\" width=\"180\" height=\"135\" srcset=\"https:\/\/kindernaescht.ch\/wp-content\/uploads\/2019\/08\/thumbnail_20180328_164257202-2.jpg 640w, https:\/\/kindernaescht.ch\/wp-content\/uploads\/2019\/08\/thumbnail_20180328_164257202-2-300x225.jpg 300w, https:\/\/kindernaescht.ch\/wp-content\/uploads\/2019\/08\/thumbnail_20180328_164257202-2-200x150.jpg 200w, https:\/\/kindernaescht.ch\/wp-content\/uploads\/2019\/08\/thumbnail_20180328_164257202-2-150x113.jpg 150w\" sizes=\"auto, (max-width: 180px) 100vw, 180px\" \/><\/a><figcaption class=\"wp-element-caption\">Allerlei ums Ei <br>28. M\u00e4rz 2018<\/figcaption><\/figure>\n<\/div>\n\n\n<p><\/p>\n","protected":false},"excerpt":{"rendered":"<p>Basler Kindern\u00e4scht Herbstplausch 2021 Fr\u00fchlingsplausch 2021 Weihnachtsplausch 2020 Herbstplausch 2020 Sommerplausch 2020 Sommerplausch 2019 Fr\u00fchlingsplausch 2019 Herbstplausch 2018 Sommerplausch 2018 Fr\u00fchlingsplausch 2018 <a class=\"continue-reading-link\" href=\"https:\/\/kindernaescht.ch\/?page_id=236\">Continue reading<\/a><\/p>\n","protected":false},"author":1,"featured_media":0,"parent":0,"menu_order":0,"comment_status":"closed","ping_status":"closed","template":"","meta":{"footnotes":""},"class_list":["post-236","page","type-page","status-publish","hentry"],"_links":{"self":[{"href":"https:\/\/kindernaescht.ch\/index.php?rest_route=\/wp\/v2\/pages\/236","targetHints":{"allow":["GET"]}}],"collection":[{"href":"https:\/\/kindernaescht.ch\/index.php?rest_route=\/wp\/v2\/pages"}],"about":[{"href":"https:\/\/kindernaescht.ch\/index.php?rest_route=\/wp\/v2\/types\/page"}],"author":[{"embeddable":true,"href":"https:\/\/kindernaescht.ch\/index.php?rest_route=\/wp\/v2\/users\/1"}],"replies":[{"embeddable":true,"href":"https:\/\/kindernaescht.ch\/index.php?rest_route=%2Fwp%2Fv2%2Fcomments&post=236"}],"version-history":[{"count":76,"href":"https:\/\/kindernaescht.ch\/index.php?rest_route=\/wp\/v2\/pages\/236\/revisions"}],"predecessor-version":[{"id":2715,"href":"https:\/\/kindernaescht.ch\/index.php?rest_route=\/wp\/v2\/pages\/236\/revisions\/2715"}],"wp:attachment":[{"href":"https:\/\/kindernaescht.ch\/index.php?rest_route=%2Fwp%2Fv2%2Fmedia&parent=236"}],"curies":[{"name":"wp","href":"https:\/\/api.w.org\/{rel}","templated":true}]}}